{"id":31,"date":"2025-09-07T07:26:42","date_gmt":"2025-09-07T05:26:42","guid":{"rendered":"http:\/\/tkvrfhi.cluster021.hosting.ovh.net\/site\/?page_id=31"},"modified":"2026-01-10T09:33:30","modified_gmt":"2026-01-10T08:33:30","slug":"prestations","status":"publish","type":"page","link":"http:\/\/soundmusicconcepts.com\/site\/prestations\/","title":{"rendered":"PRESTATIONS"},"content":{"rendered":"<h2 class=\"wp-block-post-title\">PRESTATIONS<\/h2>\n\n\n<p>Les prestations<\/p>\n\n\n\n<div class=\"wp-block-columns is-layout-flex wp-container-core-columns-is-layout-9d6595d7 wp-block-columns-is-layout-flex\">\n<div class=\"wp-block-column is-layout-flow wp-block-column-is-layout-flow\"><div class=\"wp-block-image\">\n<figure class=\"alignleft size-full\"><img loading=\"lazy\" decoding=\"async\" width=\"233\" height=\"256\" src=\"http:\/\/soundmusicconcepts.com\/site\/wp-content\/uploads\/2025\/10\/Mariage2.png\" alt=\"\" class=\"wp-image-242\"\/><\/figure>\n<\/div><\/div>\n\n\n\n<div class=\"wp-block-column is-layout-flow wp-block-column-is-layout-flow\"><div class=\"wp-block-image\">\n<figure class=\"alignleft size-full\"><img loading=\"lazy\" decoding=\"async\" width=\"233\" height=\"256\" src=\"http:\/\/soundmusicconcepts.com\/site\/wp-content\/uploads\/2025\/10\/EvenPrive2.png\" alt=\"\" class=\"wp-image-243\"\/><\/figure>\n<\/div><\/div>\n<\/div>\n\n\n\n<div class=\"wp-block-columns is-layout-flex wp-container-core-columns-is-layout-9d6595d7 wp-block-columns-is-layout-flex\">\n<div class=\"wp-block-column is-layout-flow wp-block-column-is-layout-flow\">\n<details class=\"wp-block-details is-layout-flow wp-block-details-is-layout-flow\"><summary>Mariage &#8211; <em>D\u00e9tails\/\u20ac<\/em>&#8230;<\/summary>\n<p>Pour le plus beau jour de votre vie <br><strong>Mat\u00e9riel<\/strong> : Syst\u00e8me son complet, micro sans fil, ensemble jeux de lumi\u00e8re + options (voir en bas de page)<br>Dur\u00e9e : 19h \u00e0 3h<br><strong>\u20ac Tarifs<\/strong> : \u00e0 partir de 900 \u20ac<\/p>\n<\/details>\n<\/div>\n\n\n\n<div class=\"wp-block-column is-layout-flow wp-block-column-is-layout-flow\">\n<details class=\"wp-block-details is-layout-flow wp-block-details-is-layout-flow\"><summary>Ev\u00e9nements priv\u00e9s &#8211;  Soir\u00e9es, <br>Karaok\u00e9, anniversaires, f\u00eates de famille, &#8211; <em>D\u00e9tails\/\u20ac<\/em>&#8230;<\/summary>\n<p>Des souvenirs inoubliables<br><strong>Mat\u00e9riel<\/strong> : Syst\u00e8me son complet, micro sans fil, ensemble jeux de lumi\u00e8re + options (voir en bas de page)<br>Dur\u00e9e : 19h \u00e0 2h<br><strong>\u20ac Tarifs<\/strong> : \u00e0 partir de 600 \u20ac<\/p>\n<\/details>\n<\/div>\n<\/div>\n\n\n\n<div class=\"wp-block-columns is-layout-flex wp-container-core-columns-is-layout-9d6595d7 wp-block-columns-is-layout-flex\">\n<div class=\"wp-block-column is-layout-flow wp-block-column-is-layout-flow\"><div class=\"wp-block-image\">\n<figure class=\"alignleft size-full\"><img loading=\"lazy\" decoding=\"async\" width=\"233\" height=\"256\" src=\"http:\/\/soundmusicconcepts.com\/site\/wp-content\/uploads\/2025\/10\/EvenVillage2.png\" alt=\"\" class=\"wp-image-244\"\/><\/figure>\n<\/div><\/div>\n\n\n\n<div class=\"wp-block-column is-layout-flow wp-block-column-is-layout-flow\"><div class=\"wp-block-image\">\n<figure class=\"alignleft size-full\"><img loading=\"lazy\" decoding=\"async\" width=\"233\" height=\"256\" src=\"http:\/\/soundmusicconcepts.com\/site\/wp-content\/uploads\/2025\/10\/Seminaires2.png\" alt=\"\" class=\"wp-image-245\"\/><\/figure>\n<\/div><\/div>\n<\/div>\n\n\n\n<div class=\"wp-block-columns is-layout-flex wp-container-core-columns-is-layout-9d6595d7 wp-block-columns-is-layout-flex\">\n<div class=\"wp-block-column is-layout-flow wp-block-column-is-layout-flow\">\n<details class=\"wp-block-details is-layout-flow wp-block-details-is-layout-flow\"><summary>F\u00eates de village, \u00e9coles. <br>Bals, Conscrits &#8211; <em>D\u00e9tails\/\u20ac<\/em>&#8230;<\/summary>\n<p>Ambiance et bonne humeur<br><strong>Mat\u00e9riel<\/strong> : Syst\u00e8me son complet, micro sans fil, ensemble jeux de lumi\u00e8re + options (voir en bas de page)<br><strong>\u20ac Tarifs<\/strong> : Devis sur mesure<\/p>\n<\/details>\n<\/div>\n\n\n\n<div class=\"wp-block-column is-layout-flow wp-block-column-is-layout-flow\">\n<details class=\"wp-block-details is-layout-flow wp-block-details-is-layout-flow\"><summary>Ev\u00e8nements professionnels <br>et associatifs s\u00e9minaires, d\u00e9part en retraite, &#8211; <em>D\u00e9tails\/\u20ac<\/em>&#8230;<\/summary>\n<p>F\u00e9d\u00e9rer et stimuler la coh\u00e9sion des \u00e9quipes<br><strong>Mat\u00e9riel<\/strong> : Syst\u00e8me son complet, micro sans fil, ensemble jeux de lumi\u00e8re + options (voir en bas de page)<br><strong>\u20ac Tarifs<\/strong> : Devis sur mesure<\/p>\n<\/details>\n<\/div>\n<\/div>\n\n\n\n<h2 class=\"wp-block-heading\">Les options disponibles pour vos \u00e9v\u00e8nements<\/h2>\n\n\n\n<ul class=\"wp-block-list\">\n<li><strong>Photo Booth<\/strong> (cabine \u00e9quip\u00e9e d&rsquo;un appareil&nbsp;photo&nbsp;automatique o\u00f9 les invit\u00e9s peuvent se prendre en&nbsp;photo)<\/li>\n\n\n\n<li><strong>Machine \u00e0 fum\u00e9e lourde<\/strong> (ambiance assur\u00e9e avec cette animation unique et magique de fum\u00e9e rasante)<\/li>\n\n\n\n<li><strong>Livre d&rsquo;or audio<\/strong> (collection d&rsquo;enregistrements vocaux laiss\u00e9s par les invit\u00e9s lors de votre \u00e9v\u00e9nement)<\/li>\n\n\n\n<li><strong>Jets de sc\u00e8ne<\/strong> (moment f\u00e9erique avec les feux d&rsquo;artifice d&rsquo;int\u00e9rieur ou g\u00e9n\u00e9rateurs de gerbes d&rsquo;\u00e9tincelles)<\/li>\n\n\n\n<li><strong>Lumi\u00e8re architecturale<\/strong> (d\u00e9coration lumineuse de la salle)<\/li>\n\n\n\n<li><strong>Vid\u00e9oprojecteur et grand \u00e9cran<\/strong><\/li>\n<\/ul>\n\n\n\n<hr class=\"wp-block-separator has-alpha-channel-opacity\"\/>\n\n\n\n<h2 class=\"wp-block-heading has-text-align-center\">Devis sur simple demande<\/h2>\n\n\n\n<p class=\"has-text-align-center\"><a href=\"http:\/\/soundmusicconcepts.com\/site\/contact\/\">Devis gratuit et sans engagement<\/a><\/p>\n","protected":false},"excerpt":{"rendered":"<p>Les prestations Les options disponibles pour vos \u00e9v\u00e8nements Devis sur simple demande Devis gratuit et sans engagement<\/p>\n","protected":false},"author":1,"featured_media":0,"parent":0,"menu_order":0,"comment_status":"closed","ping_status":"closed","template":"home-panels.php","meta":{"footnotes":""},"class_list":["post-31","page","type-page","status-publish","hentry","post"],"_links":{"self":[{"href":"http:\/\/soundmusicconcepts.com\/site\/wp-json\/wp\/v2\/pages\/31","targetHints":{"allow":["GET"]}}],"collection":[{"href":"http:\/\/soundmusicconcepts.com\/site\/wp-json\/wp\/v2\/pages"}],"about":[{"href":"http:\/\/soundmusicconcepts.com\/site\/wp-json\/wp\/v2\/types\/page"}],"author":[{"embeddable":true,"href":"http:\/\/soundmusicconcepts.com\/site\/wp-json\/wp\/v2\/users\/1"}],"replies":[{"embeddable":true,"href":"http:\/\/soundmusicconcepts.com\/site\/wp-json\/wp\/v2\/comments?post=31"}],"version-history":[{"count":37,"href":"http:\/\/soundmusicconcepts.com\/site\/wp-json\/wp\/v2\/pages\/31\/revisions"}],"predecessor-version":[{"id":297,"href":"http:\/\/soundmusicconcepts.com\/site\/wp-json\/wp\/v2\/pages\/31\/revisions\/297"}],"wp:attachment":[{"href":"http:\/\/soundmusicconcepts.com\/site\/wp-json\/wp\/v2\/media?parent=31"}],"curies":[{"name":"wp","href":"https:\/\/api.w.org\/{rel}","templated":true}]}}